{"id":156,"date":"2023-10-18T13:53:06","date_gmt":"2023-10-18T13:53:06","guid":{"rendered":"https:\/\/rw-hengste.de\/?page_id=156"},"modified":"2023-11-03T09:11:35","modified_gmt":"2023-11-03T09:11:35","slug":"impact","status":"publish","type":"page","link":"https:\/\/rw-hengste.de\/?page_id=156","title":{"rendered":"Impact"},"content":{"rendered":"\n<p><\/p>\n\n\n\n<p><a rel=\"noreferrer noopener\" href=\"http:\/\/service.vit.de\/pferd_praesentation\/Front?keyPFID=090116319&amp;verband=09&amp;anzeigezweck=Hengstverteilungsplan&amp;sshw=b6f5fb7d893a43cf2b832e4e99fa4166&amp;sprache=&amp;L=0&amp;seite=HvpDetailResponsive&amp;sessionh=b54354ace69d2c28cad01c80d3c0d427&amp;aktion=FachobjektAnzeigen&amp;kontext=Pferd\" target=\"_blank\">Link zu Impacts Seite im Online Hengstverteilungsplan mit detailliertem Pedigree<\/a><\/p>\n\n\n\n<p>Anteil xx\/ ox: 53.64%&nbsp;<em>(12 Generationen\/ Quelle: sporthorsedata.com)<\/em><\/p>\n\n\n\n<div class=\"wp-block-media-text is-stacked-on-mobile\"><figure class=\"wp-block-media-text__media\"><img data-recalc-dims=\"1\" loading=\"lazy\" decoding=\"async\" width=\"780\" height=\"1016\" src=\"https:\/\/i0.wp.com\/rw-hengste.de\/wp-content\/uploads\/2023\/10\/21-THM-GH-Impact_JB_43106-scaled-e1697721399149-786x1024.jpg?resize=780%2C1016&#038;ssl=1\" alt=\"\" class=\"wp-image-244 size-full\" srcset=\"https:\/\/i0.wp.com\/rw-hengste.de\/wp-content\/uploads\/2023\/10\/21-THM-GH-Impact_JB_43106-scaled-e1697721399149.jpg?resize=786%2C1024&amp;ssl=1 786w, https:\/\/i0.wp.com\/rw-hengste.de\/wp-content\/uploads\/2023\/10\/21-THM-GH-Impact_JB_43106-scaled-e1697721399149.jpg?resize=230%2C300&amp;ssl=1 230w, https:\/\/i0.wp.com\/rw-hengste.de\/wp-content\/uploads\/2023\/10\/21-THM-GH-Impact_JB_43106-scaled-e1697721399149.jpg?resize=768%2C1000&amp;ssl=1 768w, https:\/\/i0.wp.com\/rw-hengste.de\/wp-content\/uploads\/2023\/10\/21-THM-GH-Impact_JB_43106-scaled-e1697721399149.jpg?w=1041&amp;ssl=1 1041w\" sizes=\"auto, (max-width: 780px) 100vw, 780px\" \/><\/figure><div class=\"wp-block-media-text__content\">\n<h2 class=\"wp-block-heading\">Impacts Karriere<\/h2>\n\n\n\n<p>Impacts z\u00fcchterische Karriere begann mit einem Start-Ziel Sieg anl\u00e4sslich der Trakehner Hauptk\u00f6rung 2021. <\/p>\n\n\n\n<p>Schon mit seinem ersten Auftritt auf dem Pflaster zog er das Fachpublikum in den Bann. Ein Trakehner Edelpferd, mit einem modernen, tadellosen Exterieur und einer hochnoblen Ausstrahlung! Auch in den Folgetagen erledigte er alle an ihn gestellten Aufgaben mit Bravour und erhielt als Quintessenz seiner Vorz\u00fcge die begehrte Siegersch\u00e4rpe.<\/p>\n\n\n\n<p>In 2023 absolvierte er seinen 50 Tage-Test mit H\u00f6chstnoten. Bemerkenswert ist hier die Gleichm\u00e4\u00dfigkeit bei Dressur- und Spring-Aspekten: Leistungsbereitschaft 9,00\/ <br>Trab 8,00\/ Galopp 9,00\/ Schritt 8,00\/<br>Rittigkeit 8,00\/ Verhalten am Sprung 8,00.<\/p>\n<\/div><\/div>\n\n\n\n<div style=\"height:11px\" aria-hidden=\"true\" class=\"wp-block-spacer\"><\/div>\n\n\n\n<hr class=\"wp-block-separator has-alpha-channel-opacity\"\/>\n\n\n\n<h2 class=\"wp-block-heading\">Eine Abstammung mit elit\u00e4rer Mutterlinie<\/h2>\n\n\n\n<p>Der Vater Millennium hat bereits in jungen Jahren das Profil eines Hauptvererbers erreicht und wird von einer Vielzahl von S\u00f6hnen auf der sportlichen und z\u00fcchterischen B\u00fchne vertreten. <\/p>\n\n\n\n<p>Besondere Aufmerksamkeit gilt Impacts \u00fcberragender Mutter und ihrem Stutenstamm. Die in 2001 geborene Staatspr\u00e4mien-, Pr\u00e4mien- und Elitestute Impatie ist ebenfalls Mutter des 2018er Reservesiegers Instagram von Schwarzgold und des bis Klasse M erfolgreichen Eventers Insider 67 von All Inclusive. <\/p>\n\n\n\n<p>Aus selbiger elit\u00e4rer Mutterlinie stammten unter anderem auch die Landbesch\u00e4ler Isenstein und Sch\u00f6nborn, die S-Dressurpferde Iceman, Ilion, das S-Springpferd Intakt sowie die gro\u00dfe Indira Ghandi II als Reservesiegerin der Trakehner Bundestutenschau und ihre vier doppelt pr\u00e4mierten rechten Schwestern.<\/p>\n\n\n<div class=\"wp-block-image\">\n<figure class=\"aligncenter size-full\"><img data-recalc-dims=\"1\" loading=\"lazy\" decoding=\"async\" width=\"600\" height=\"400\" src=\"https:\/\/i0.wp.com\/rw-hengste.de\/wp-content\/uploads\/2023\/10\/schraps_impact_2023-0098_web.jpg?resize=600%2C400&#038;ssl=1\" alt=\"\" class=\"wp-image-253\" srcset=\"https:\/\/i0.wp.com\/rw-hengste.de\/wp-content\/uploads\/2023\/10\/schraps_impact_2023-0098_web.jpg?w=600&amp;ssl=1 600w, https:\/\/i0.wp.com\/rw-hengste.de\/wp-content\/uploads\/2023\/10\/schraps_impact_2023-0098_web.jpg?resize=300%2C200&amp;ssl=1 300w\" sizes=\"auto, (max-width: 600px) 100vw, 600px\" \/><\/figure>\n<\/div>\n\n\n<hr class=\"wp-block-separator has-alpha-channel-opacity\"\/>\n\n\n\n<h2 class=\"wp-block-heading\">Impact Aktuell<\/h2>\n\n\n\n<p>Impact blickt in 2023 auf einen \u00fcberzeugenden ersten Fohlenjahrgang zur\u00fcck. Seine Tochter Ile de Sein bereicherte z.B. die Spitzenfohlenauktion im M\u00fcnster Handorf und wechselte f\u00fcr 23.000 \u20ac nach Kroatien.<\/p>\n\n\n\n<p>Nach seinem hervorragenden 50TT ist Impact zur weiteren Ausbildung in den Stall von Heinrich Br\u00e4hler gezogen. Er befindet sich mittlerweile auf dem Sprung in die Klasse L und wird f\u00fcr gr\u00f6\u00dfere Aufgaben weiter gef\u00f6rdert.  Er steht den Z\u00fcchtern in der Saison 2024 \u00fcber die Deckstation Br\u00e4hler in Herbstein zu Verf\u00fcgung.<\/p>\n\n\n\n<hr class=\"wp-block-separator has-alpha-channel-opacity\"\/>\n\n\n\n<h2 class=\"wp-block-heading\">Was Impacts Menschen \u00fcber ihn sagen:<\/h2>\n\n\n\n<div class=\"wp-block-columns is-layout-flex wp-container-core-columns-is-layout-9d6595d7 wp-block-columns-is-layout-flex\">\n<div class=\"wp-block-column is-layout-flow wp-block-column-is-layout-flow\">\n<blockquote class=\"wp-block-quote is-layout-flow wp-block-quote-is-layout-flow\">\n<p id=\"block-94d38b09-a9c2-49c1-9949-d5a2aeb0e57b\">Impact ist ein echter Sonnenschein! Stets dem Menschen zugewandt macht er Freude in der t\u00e4glichen Arbeit, zeigt eine au\u00dferordentliche Lernbereitschaft und eine vorbildlichen Arbeitseinstellung. <\/p>\n<cite>Heinrich Br\u00e4hler, Sportpferde Br\u00e4hler<\/cite><\/blockquote>\n<\/div>\n\n\n\n<div class=\"wp-block-column is-layout-flow wp-block-column-is-layout-flow\">\n<blockquote class=\"wp-block-quote is-layout-flow wp-block-quote-is-layout-flow\">\n<p><\/p>\n<\/blockquote>\n<\/div>\n<\/div>\n\n\n\n<h2 class=\"wp-block-heading\">Impacts Agent \ud83d\ude42<\/h2>\n\n\n\n<p>Sie m\u00f6chten Impact  gerne z\u00fcchterisch nutzen? \u2013 Bitte wenden Sie sich&nbsp;<a href=\"http:\/\/www.sportpferde-braehler.de\/impact\/\" target=\"_blank\" rel=\"noreferrer noopener\">HIER<\/a>&nbsp;hin.<\/p>\n","protected":false},"excerpt":{"rendered":"<p>Link zu Impacts Seite im Online Hengstverteilungsplan mit detailliertem Pedigree Anteil xx\/ ox: 53.64%&nbsp;(12 Generationen\/ Quelle: sporthorsedata.com) Impacts Karriere Impacts z\u00fcchterische Karriere begann mit einem Start-Ziel Sieg anl\u00e4sslich der Trakehner Hauptk\u00f6rung 2021. Schon mit seinem ersten Auftritt auf dem Pflaster zog er das Fachpublikum in den Bann. Ein Trakehner Edelpferd, mit einem modernen, tadellosen Exterieur <a class=\"more-link\" href=\"https:\/\/rw-hengste.de\/?page_id=156\">Weiterlesen&#8230;<\/a><\/p>\n","protected":false},"author":1,"featured_media":201,"parent":82,"menu_order":0,"comment_status":"closed","ping_status":"closed","template":"","meta":{"footnotes":""},"class_list":["post-156","page","type-page","status-publish","has-post-thumbnail","hentry"],"jetpack_sharing_enabled":true,"_links":{"self":[{"href":"https:\/\/rw-hengste.de\/index.php?rest_route=\/wp\/v2\/pages\/156","targetHints":{"allow":["GET"]}}],"collection":[{"href":"https:\/\/rw-hengste.de\/index.php?rest_route=\/wp\/v2\/pages"}],"about":[{"href":"https:\/\/rw-hengste.de\/index.php?rest_route=\/wp\/v2\/types\/page"}],"author":[{"embeddable":true,"href":"https:\/\/rw-hengste.de\/index.php?rest_route=\/wp\/v2\/users\/1"}],"replies":[{"embeddable":true,"href":"https:\/\/rw-hengste.de\/index.php?rest_route=%2Fwp%2Fv2%2Fcomments&post=156"}],"version-history":[{"count":20,"href":"https:\/\/rw-hengste.de\/index.php?rest_route=\/wp\/v2\/pages\/156\/revisions"}],"predecessor-version":[{"id":359,"href":"https:\/\/rw-hengste.de\/index.php?rest_route=\/wp\/v2\/pages\/156\/revisions\/359"}],"up":[{"embeddable":true,"href":"https:\/\/rw-hengste.de\/index.php?rest_route=\/wp\/v2\/pages\/82"}],"wp:featuredmedia":[{"embeddable":true,"href":"https:\/\/rw-hengste.de\/index.php?rest_route=\/wp\/v2\/media\/201"}],"wp:attachment":[{"href":"https:\/\/rw-hengste.de\/index.php?rest_route=%2Fwp%2Fv2%2Fmedia&parent=156"}],"curies":[{"name":"wp","href":"https:\/\/api.w.org\/{rel}","templated":true}]}}