{"id":77,"date":"2023-10-12T11:41:32","date_gmt":"2023-10-12T11:41:32","guid":{"rendered":"https:\/\/rw-hengste.de\/?page_id=77"},"modified":"2023-10-31T21:59:15","modified_gmt":"2023-10-31T21:59:15","slug":"wir-ueber-uns","status":"publish","type":"page","link":"https:\/\/rw-hengste.de\/?page_id=77","title":{"rendered":"Wir \u00fcber uns"},"content":{"rendered":"\n<p><\/p>\n\n\n\n<h2 class=\"wp-block-heading\">Teamwork makes the dream work!<\/h2>\n\n\n\n<p>Viele Faktoren beeinflussen den Erfolg in Reitsport und Zucht, allen voran die Gesundheit und das Wohlbefinden der Pferde, die einen wesentlichen Einfluss auf Leistungsbereitschaft und Leistungsverm\u00f6gen nehmen. Unser Team besteht aus Menschen, die ihre individuellen F\u00e4higkeiten und Talente vereinen, um als gemeinsames Ziel die bestm\u00f6glichen Ergebnisse zu erreichen.<\/p>\n\n\n\n<p>Aus dem Sport f\u00fcr die Zucht! &#8211; Das Team steht f\u00fcr den sportlichen Einsatz und die altersgem\u00e4\u00dfe F\u00f6rderung der Hengste ein.<\/p>\n\n\n\n<div class=\"wp-block-media-text is-stacked-on-mobile\" style=\"grid-template-columns:38% auto\"><figure class=\"wp-block-media-text__media\"><img data-recalc-dims=\"1\" loading=\"lazy\" decoding=\"async\" width=\"780\" height=\"780\" src=\"https:\/\/i0.wp.com\/rw-hengste.de\/wp-content\/uploads\/2023\/10\/rwPortrait.jpg?resize=780%2C780&#038;ssl=1\" alt=\"\" class=\"wp-image-170 size-full\" srcset=\"https:\/\/i0.wp.com\/rw-hengste.de\/wp-content\/uploads\/2023\/10\/rwPortrait.jpg?w=900&amp;ssl=1 900w, https:\/\/i0.wp.com\/rw-hengste.de\/wp-content\/uploads\/2023\/10\/rwPortrait.jpg?resize=300%2C300&amp;ssl=1 300w, https:\/\/i0.wp.com\/rw-hengste.de\/wp-content\/uploads\/2023\/10\/rwPortrait.jpg?resize=150%2C150&amp;ssl=1 150w, https:\/\/i0.wp.com\/rw-hengste.de\/wp-content\/uploads\/2023\/10\/rwPortrait.jpg?resize=768%2C768&amp;ssl=1 768w, https:\/\/i0.wp.com\/rw-hengste.de\/wp-content\/uploads\/2023\/10\/rwPortrait.jpg?resize=200%2C200&amp;ssl=1 200w, https:\/\/i0.wp.com\/rw-hengste.de\/wp-content\/uploads\/2023\/10\/rwPortrait.jpg?resize=100%2C100&amp;ssl=1 100w, https:\/\/i0.wp.com\/rw-hengste.de\/wp-content\/uploads\/2023\/10\/rwPortrait.jpg?resize=40%2C40&amp;ssl=1 40w\" sizes=\"auto, (max-width: 780px) 100vw, 780px\" \/><\/figure><div class=\"wp-block-media-text__content\">\n<h2 class=\"wp-block-heading\">Renate Weber<\/h2>\n\n\n\n<p>Pferde sind Renates gro\u00dfe Leidenschaft. Sie f\u00f6rdert sie, macht sie mit guten Reitern beritten und auch selbst ist sie noch mehrmals w\u00f6chentlich im Dressursattel aktiv, reitet bis zu vier Pferden t\u00e4glich, verzeichnet Erfolge bis zur Klasse S &#8211; Kurz: Sie wei\u00df, worauf es ankommt.<\/p>\n\n\n\n<p>Der Trakehner Hengst <a href=\"https:\/\/rw-hengste.de\/hengste\/bystro\" data-type=\"page\" data-id=\"99\">BYSTRO<\/a> ist ihr auserkorener Liebling im Alltag, denn er gl\u00e4nzt nicht nur durch seine Leistungsbereitschaft, sondern vor allem auch durch seinen vorz\u00fcglichen Charakter. <\/p>\n\n\n\n<p>Auch wenn das Paar bereits M** erreicht hat, so sind es die Werte fernab des FN-Rankings, die ihn zum K\u00f6nig des Herzens machen: &#8222;Amateurtauglichkeit&#8220; und Gelassenheit im Alltag mit Hundegewusel und spielenden Kindern &#8211; das sind, neben allen anderen Qualit\u00e4ten &#8211; die eigentlichen Big Points f\u00fcr den Amateur. <\/p>\n\n\n\n<p>Und das formuliert auch Renates Anspruch an Ihre Hengste: &#8222;Sie m\u00fcssen sich reiten lassen und charakterlich einwandfrei sein, dann d\u00fcrfen sie auch z\u00fcchterisch wirken.&#8220; <\/p>\n<\/div><\/div>\n\n\n\n<hr class=\"wp-block-separator has-alpha-channel-opacity\"\/>\n\n\n\n<div class=\"wp-block-media-text is-stacked-on-mobile\" style=\"grid-template-columns:39% auto\"><figure class=\"wp-block-media-text__media\"><img data-recalc-dims=\"1\" loading=\"lazy\" decoding=\"async\" width=\"780\" height=\"780\" src=\"https:\/\/i0.wp.com\/rw-hengste.de\/wp-content\/uploads\/2023\/10\/WiegerPortrait.jpg?resize=780%2C780&#038;ssl=1\" alt=\"\" class=\"wp-image-172 size-full\" srcset=\"https:\/\/i0.wp.com\/rw-hengste.de\/wp-content\/uploads\/2023\/10\/WiegerPortrait.jpg?w=900&amp;ssl=1 900w, https:\/\/i0.wp.com\/rw-hengste.de\/wp-content\/uploads\/2023\/10\/WiegerPortrait.jpg?resize=300%2C300&amp;ssl=1 300w, https:\/\/i0.wp.com\/rw-hengste.de\/wp-content\/uploads\/2023\/10\/WiegerPortrait.jpg?resize=150%2C150&amp;ssl=1 150w, https:\/\/i0.wp.com\/rw-hengste.de\/wp-content\/uploads\/2023\/10\/WiegerPortrait.jpg?resize=768%2C768&amp;ssl=1 768w, https:\/\/i0.wp.com\/rw-hengste.de\/wp-content\/uploads\/2023\/10\/WiegerPortrait.jpg?resize=200%2C200&amp;ssl=1 200w, https:\/\/i0.wp.com\/rw-hengste.de\/wp-content\/uploads\/2023\/10\/WiegerPortrait.jpg?resize=100%2C100&amp;ssl=1 100w, https:\/\/i0.wp.com\/rw-hengste.de\/wp-content\/uploads\/2023\/10\/WiegerPortrait.jpg?resize=40%2C40&amp;ssl=1 40w\" sizes=\"auto, (max-width: 780px) 100vw, 780px\" \/><\/figure><div class=\"wp-block-media-text__content\">\n<h2 class=\"wp-block-heading\">Wieger De Boer<\/h2>\n\n\n\n<p><strong>&#8222;Richtig reiten reicht&#8220;<\/strong> &#8211; Diese Devise seines Lehrmeisters <a rel=\"noreferrer noopener\" href=\"https:\/\/de.wikipedia.org\/wiki\/Paul_Stecken\" data-type=\"link\" data-id=\"https:\/\/de.wikipedia.org\/wiki\/Paul_Stecken\" target=\"_blank\">Paul Stecken<\/a> hat Wieger bereits w\u00e4hrend seiner Ausbildung zum Pferdewirt verinnerlicht und im Laufe der Jahre immer mehr zu sch\u00e4tzen gelernt. Dressur ist seine Leidenschaft und eine systematische, geduldige Ausbildung, bei der der Spa\u00df an der Arbeit f\u00fcr Pferd und Reiter erhalten bleibt, ist hierbei Grundvoraussetzung f\u00fcr den Erfolg.<\/p>\n\n\n\n<p>Erster Wegpunkt im reiterlichen Berufsleben war die Nordrhein-Westf\u00e4lische Reit- und Fahrschule, an welcher Wieger unter Paul Stecken seine Ausbildung absolvierte, bevor er in Hamburg sesshaft wurde. Sein Erfolgspferd Cosmopolitan bescherte ihm hier im Norden die ersten Siege in der schweren Klasse, gewann mit ihm mehrere Landesmeistertitel sowie Berufsreiterchampionate. Ein Highlight war unter Anderem der Sieg im Nationenpreis von Falsterbo 2008.<\/p>\n\n\n\n<p>\u00dcber 160 Siege in Dressuren bis GrandPrix &#8211; unter anderem mit unserem <a href=\"https:\/\/rw-hengste.de\/hengste\/elitehengst-herakles\" data-type=\"page\" data-id=\"91\">Elitehengst Herakles TSF<\/a> &#8211; und ein Vielfaches an Platzierungen listet die FN auf dem Erfolgskonto von Wieger. <\/p>\n\n\n\n<p>Der Wunsch, Pferd und Reiter bis in die h\u00f6chsten Klassen auszubilden &#8211; immer getreu dem Motto: &#8222;Reite Dein Pferd mit Freude und es gelingt mit Anmut!&#8220; &#8211; ist t\u00e4glicher Motor seiner Passion. Die Freude am Partner Pferd und die unbedingte Unterst\u00fctzung seiner ganzen Familie machen Wieger zu der zentralen Person in unserem Team. <\/p>\n\n\n\n<hr class=\"wp-block-separator has-alpha-channel-opacity\"\/>\n<\/div><\/div>\n\n\n\n<div class=\"wp-block-media-text is-stacked-on-mobile\" style=\"grid-template-columns:39% auto\"><figure class=\"wp-block-media-text__media\"><img data-recalc-dims=\"1\" loading=\"lazy\" decoding=\"async\" width=\"780\" height=\"780\" src=\"https:\/\/i0.wp.com\/rw-hengste.de\/wp-content\/uploads\/2023\/10\/PaulaPortrait.jpg?resize=780%2C780&#038;ssl=1\" alt=\"\" class=\"wp-image-171 size-full\" srcset=\"https:\/\/i0.wp.com\/rw-hengste.de\/wp-content\/uploads\/2023\/10\/PaulaPortrait.jpg?w=900&amp;ssl=1 900w, https:\/\/i0.wp.com\/rw-hengste.de\/wp-content\/uploads\/2023\/10\/PaulaPortrait.jpg?resize=300%2C300&amp;ssl=1 300w, https:\/\/i0.wp.com\/rw-hengste.de\/wp-content\/uploads\/2023\/10\/PaulaPortrait.jpg?resize=150%2C150&amp;ssl=1 150w, https:\/\/i0.wp.com\/rw-hengste.de\/wp-content\/uploads\/2023\/10\/PaulaPortrait.jpg?resize=768%2C768&amp;ssl=1 768w, https:\/\/i0.wp.com\/rw-hengste.de\/wp-content\/uploads\/2023\/10\/PaulaPortrait.jpg?resize=200%2C200&amp;ssl=1 200w, https:\/\/i0.wp.com\/rw-hengste.de\/wp-content\/uploads\/2023\/10\/PaulaPortrait.jpg?resize=100%2C100&amp;ssl=1 100w, https:\/\/i0.wp.com\/rw-hengste.de\/wp-content\/uploads\/2023\/10\/PaulaPortrait.jpg?resize=40%2C40&amp;ssl=1 40w\" sizes=\"auto, (max-width: 780px) 100vw, 780px\" \/><\/figure><div class=\"wp-block-media-text__content\">\n<h2 class=\"wp-block-heading\">Paula De Boer<\/h2>\n\n\n\n<p>Paula ist nicht nur eine Ausnahmereiterin, sondern ebenso eine Ausnahmeausbilderin. Schon im jungen Alter von 24 Jahren wurde sie mit dem goldenen Reitabzeichen ausgezeichnet und ist seither das Multitalent im Sattel. <\/p>\n\n\n\n<p>Morgens erfolgreich im Grand-Prix und am Nachmittag siegreich im S***-Springen &#8211; all das realisiert Paula zu vielen Terminen im Jahr. Die studierte Sportmanagerin f\u00f6rdert die Pferde mit viel Umsicht altersgerecht und entsprechend ihren Talenten.<\/p>\n\n\n\n<p>Dies f\u00fchrte mit unserem Hengst <a href=\"https:\/\/rw-hengste.de\/hengste\/special-motion\" data-type=\"page\" data-id=\"95\">Special Motion<\/a> unl\u00e4ngst zum erfolgreichen Wiedereinstieg in den Vielseitigkeitssport, in dem sie als Juniorin bereits die Europameisterschaft erfolgreich bestritt. <\/p>\n\n\n\n<p>Die Selbstverst\u00e4ndlichkeit mit der sich Paula in allen Sparten der Reiterei auf h\u00f6chstem Niveau bewegt, mag nicht verwundern, denn das Reiten lernte sie parallel zum Laufen. Wieger f\u00f6rderte und f\u00f6rdert noch heute mit gro\u00dfem Erfolg ihre vielf\u00e4ltigen Talente im Sattel. <\/p>\n\n\n\n<p>Die Hengste profitieren als Individuen ebenso davon, wie ihre Erfolgsstatistik.<\/p>\n<\/div><\/div>\n\n\n\n<h2 class=\"wp-block-heading\">Au\u00dferdem&#8230;<\/h2>\n\n\n\n<p>&#8230; gibt es immer jede Menge Menschen drumherum, die uns begleiten und ohne deren Einsatz das &#8222;gro\u00dfe Ganze&#8220; auch nicht funktionieren w\u00fcrde. Dazu z\u00e4hlen Personen wie unsere Mitarbeiter und Pfleger, Z\u00fcchter mit denen wir zusammen arbeiten sowie Joint Ventures mit anderen. Beispielsweise die <a rel=\"noreferrer noopener\" href=\"https:\/\/www.hengststation-geling.de\/\" target=\"_blank\">Hengstation von Gerard Geling<\/a>, der seit vielen Jahren unsere Hengste top betreut und vermarktet oder &#8211; ganz aktuell f\u00fcr IMPACT &#8211; die <a rel=\"noreferrer noopener\" href=\"http:\/\/www.sportpferde-braehler.de\/impact\/\" target=\"_blank\">Hengststation Br\u00e4hler<\/a> seien hier genannt. <\/p>\n","protected":false},"excerpt":{"rendered":"<p>Teamwork makes the dream work! Viele Faktoren beeinflussen den Erfolg in Reitsport und Zucht, allen voran die Gesundheit und das Wohlbefinden der Pferde, die einen wesentlichen Einfluss auf Leistungsbereitschaft und Leistungsverm\u00f6gen nehmen. Unser Team besteht aus Menschen, die ihre individuellen F\u00e4higkeiten und Talente vereinen, um als gemeinsames Ziel die bestm\u00f6glichen Ergebnisse zu erreichen. Aus dem <a class=\"more-link\" href=\"https:\/\/rw-hengste.de\/?page_id=77\">Weiterlesen&#8230;<\/a><\/p>\n","protected":false},"author":1,"featured_media":0,"parent":0,"menu_order":0,"comment_status":"closed","ping_status":"closed","template":"","meta":{"footnotes":""},"class_list":["post-77","page","type-page","status-publish","hentry"],"jetpack_sharing_enabled":true,"_links":{"self":[{"href":"https:\/\/rw-hengste.de\/index.php?rest_route=\/wp\/v2\/pages\/77","targetHints":{"allow":["GET"]}}],"collection":[{"href":"https:\/\/rw-hengste.de\/index.php?rest_route=\/wp\/v2\/pages"}],"about":[{"href":"https:\/\/rw-hengste.de\/index.php?rest_route=\/wp\/v2\/types\/page"}],"author":[{"embeddable":true,"href":"https:\/\/rw-hengste.de\/index.php?rest_route=\/wp\/v2\/users\/1"}],"replies":[{"embeddable":true,"href":"https:\/\/rw-hengste.de\/index.php?rest_route=%2Fwp%2Fv2%2Fcomments&post=77"}],"version-history":[{"count":12,"href":"https:\/\/rw-hengste.de\/index.php?rest_route=\/wp\/v2\/pages\/77\/revisions"}],"predecessor-version":[{"id":342,"href":"https:\/\/rw-hengste.de\/index.php?rest_route=\/wp\/v2\/pages\/77\/revisions\/342"}],"wp:attachment":[{"href":"https:\/\/rw-hengste.de\/index.php?rest_route=%2Fwp%2Fv2%2Fmedia&parent=77"}],"curies":[{"name":"wp","href":"https:\/\/api.w.org\/{rel}","templated":true}]}}