{"id":91,"date":"2023-10-18T10:51:36","date_gmt":"2023-10-18T10:51:36","guid":{"rendered":"https:\/\/rw-hengste.de\/?page_id=91"},"modified":"2023-11-03T09:25:39","modified_gmt":"2023-11-03T09:25:39","slug":"elitehengst-herakles","status":"publish","type":"page","link":"https:\/\/rw-hengste.de\/?page_id=91","title":{"rendered":"Elitehengst Herakles"},"content":{"rendered":"\n<p><a rel=\"noreferrer noopener\" href=\"http:\/\/service.vit.de\/pferd_praesentation\/Front?keyPFID=33UW48109&amp;verband=09&amp;anzeigezweck=Hengstverteilungsplan&amp;sshw=8b58e4c8f75c6184d7c20a0851d46881&amp;sprache=&amp;L=0&amp;seite=HvpDetailResponsive&amp;sessionh=5c06a655e057ac6b67580bdc57c4d3d3&amp;aktion=FachobjektAnzeigen&amp;kontext=Pferd\" data-type=\"link\" data-id=\"http:\/\/service.vit.de\/pferd_praesentation\/Front?verband=09&amp;anzeigezweck=Hengstverteilungsplan&amp;aktion=SelektionVb09Hvp\" target=\"_blank\">Link zu Herakles&#8216; Seite im Online Hengstverteilungsplan mit detailliertem Pedigree<\/a><\/p>\n\n\n\n<h2 class=\"wp-block-heading\">Herakles\u00b4 Karriere<\/h2>\n\n\n\n<p>Im Stall von Mette Hansen im d\u00e4nischen Boeslunde \u00f6ffnete das Rapphengstfohlen Hedalgo im M\u00e4rz 2009 seine Augen. <\/p>\n\n\n\n<p>Die Z\u00fcchterin, deren Herz f\u00fcr den Dressursport schl\u00e4gt, legt damals wie heute ihr Augenmerk vor allem auf die Rittigkeitswerte ihrer Trakehner, von denen sie zudem den sprichw\u00f6rtlichen Trakehner-Charakter mit Freundlichkeit, Charisma und Ausstrahlung fordert. Die hieraus hervorgehenden Erfolge, sicherten ihr im selben Jahr noch die Ehrung als Z\u00fcchterin des Jahres durch den d\u00e4nischen Trakehnerverband (TAF).<\/p>\n\n\n\n<p>Es waren die oben genannten Merkmale, die sie &#8211; auf Basis eigener Erfahrungen &#8211; seinerzeit gezielt Enkelinnen der Hertha von Bergsturm aus der Familie der angloarabischen Harda f\u00fcr ihre Zucht ausw\u00e4hlen lie\u00dfen. Darunter auch Helenah de L von Michelangelo, die Mutter eben dieses Hedalgos vom Elithengst Gribaldi.<\/p>\n\n\n\n<p>Vier Monate nach seiner Geburt siegte Hedalgo beim d\u00e4nischen Fohlenchampionat und wechselte seinen Besitzer sowie seinen Namen. 2011 betrat er als <strong>HERAKLES<\/strong> die z\u00fcchterische B\u00fchne zur Trakehner Hauptk\u00f6rung in Neum\u00fcnster und verlie\u00df sie als gefeierter Publikumsliebling und Reservesieger. Nahtlos anschlie\u00dfend begann seine Sportkarriere, welche in beeindruckender Weise stetig bergauf verlief.<\/p>\n\n\n\n<h2 class=\"wp-block-heading\">Herakles` Sportkarriere in aller K\u00fcrze<\/h2>\n\n\n\n<p>Herakles wurde 2013 auf dem Trakehner Bundesturnier Reitpferdechampion (4j. H.), gewann im Jahr darauf die Dressurpferde-Konkurrenz (5j.) und qualifizierte sich allj\u00e4hrlich f\u00fcr das Bundeschampionat. Nach Erfolgen in der internationalen Jungpferde-Tour, deb\u00fctierte er bereits 2017 hoch erfolgreich in der schweren Klasse. Im selben Jahr verlieh ihm der Trakehner F\u00f6rderverein das TSF-Signum.<\/p>\n\n\n\n<p>Seit 2018 geh\u00f6rt Herakles zur Riege unserer Hengste, ist ab dem Moment seines Einzugs aufgrund seines Charismas der unangefochtene Chef im Stall und erzielte mit Paula und Wieger de Boer Erfolge und Siege bis zum Grand Prix. Alleine in Klasse S verzeichnet die FN Ende 2023 bereits 40 Siege und Platzierungen auf Herakles\u2018 Konto.<\/p>\n\n\n\n<h2 class=\"wp-block-heading\">Zukunft hat Herkunft<\/h2>\n\n\n\n<p>Die Eigenschaften, auf welche seine Z\u00fcchterin Mette Hansen in ihrer Selektion soviel Wert legte, n\u00e4mlich eine fantastische Rittigkeit, eine unbedingte Leistungsbereitschaft und ein sehr guter Charakter ebneten Herakles seinen Weg zum Spitzensportler.<\/p>\n\n\n\n<p>\u00dcber seinen Vater Gribaldi oder Muttervater Michelangelo zu schreiben, w\u00e4re Eulen nach Athen zu tragen. Nur wenige Trakehner Hengste haben die Dressurwelt durch ihre Nachkommen ebenso beeinflusst, wie diese beiden Hengste es taten.<\/p>\n\n\n\n<p>Herakles\u00b4 m\u00fctterliche Dynastie hat sich als tragende S\u00e4ule der D\u00e4nischen Sportpferdezucht etabliert. Aus gleicher Mutterlinie stammten vor Herakles die Hengste Henkel (geb. 1977), Hercules (geb.1986) und Hertug (geb. 1996). Helium (2013), Heaven Dancer (2017) und last but not least Hallifax Lyng (2018) sind die Vererber j\u00fcngeren Datums, die im Dressursport auf sich aufmerksam machen. Und dies sind nur die m\u00e4nnlichen Vertreter! Auch die Stuten der Linie wissen in Zucht und Sport zu \u00fcberzeugen. So wurden unter anderem Herakles\u00b4 Vollschwester Helouis in 2011 zu d\u00e4nischen Jahressiegerstute und Helia, die Vollschwester zu Helium, in 2019 zur Trakehner Jahressiegerstute gek\u00fcrt.<\/p>\n\n\n\n<h2 class=\"wp-block-heading\">Herakles` Nachkommen<\/h2>\n\n\n\n<p>Herakles vererbt seinen edlen Typ, einen geschlossenen Rahmen und viel Aufsatz. Ein sicherer Schritt, ein schwungvoller Trab mit aktiv fu\u00dfendem Hinterbein und eine nat\u00fcrliche Selbsthaltung zeichnen seine Fohlen aus. Unter seinen Kindern waren zahlreiche Championats- und Siegerfohlen- sowohl bei den Trakehnern, als auch in anderen Warmblutzuchten.<\/p>\n\n\n\n<p>37 seiner insgesamt 142 Nachkommen wurden bis 2023 bereits als Sportpferd von der FN registriert. Abstammungsgem\u00e4\u00df vertreten die meisten davon ihren Vater auf den Dressurvierecken des Landes. Einen Exot gibt es aber auch in dieser Liste: Sein Sohn Henry 412, ein bayrisches Warmblut aus einer Diamond Hit-Mutter, verzeichnet Erfolge im Voltigieren der Klasse S.<\/p>\n\n\n\n<p>Aber auch die Nachkommen, die (noch) \u00fcber keine FN-Registirerung verf\u00fcgen, machen mit herausstechenden Werten im Dressurbereich auf sich aufmerksam. So war beispielsweise seine Tochter Pinova aus einer Zauberf\u00fcrst-Mutter in 2023 mit Weile Siegerin der SLP in Neuwied Oberbieber. Die Grundgangarten (S-T-G) wurden mit 9, 8 und 8,5 bewertet, die Rittigkeit sch\u00e4tzten Fremdreiter und Richter jeweils mit 9 und 9,5 ein. Dies f\u00fchrte zu einer dressurbetonten Endnote von 8,85 und einer Gesamtnote von 8,37.<\/p>\n\n\n\n<p>15 Pr\u00e4mient\u00f6chter stellte Herakles bislang. Seine Tochter Illektra, die in 2015 die Preisspitze der Fohlenauktion beim Bundesturnier in Hannover war, wurde 2018 gefeierte Siegerstute in Baden-W\u00fcrttemberg.<\/p>\n\n\n\n<p>Mit dem Pr\u00e4mienhengst Dezember wurde 2017 ein erster Sohn vom Trakehner Verband gek\u00f6rt. Ebenso wie sein Vater war auch er der Publikumsliebling in der Holstenhalle. Dezember erhielt dann in 2018 in seiner \u00fcberzeugenden HLP (8,65) allein in sechs der zehn Bewertungskriterien die Noten ab 9,0.<\/p>\n\n\n\n<h2 class=\"wp-block-heading\">Fazit<\/h2>\n\n\n\n<p>Herakles ist ein Dressurvererber der Sonderklasse. Zus\u00e4tzlich zu seinem Adel und seiner Noblesse gibt Herakles an seine Nachkommen auch seine f\u00fcr den Dressursport \u00fcberaus wichtige Leistungsbereitschaft, seine Gelassenheit und seine Rittigkeit weiter.<\/p>\n\n\n\n<h2 class=\"wp-block-heading\">Was Herakles Menschen \u00fcber ihn sagen:<\/h2>\n\n\n\n<div class=\"wp-block-columns is-layout-flex wp-container-core-columns-is-layout-9d6595d7 wp-block-columns-is-layout-flex\">\n<div class=\"wp-block-column is-layout-flow wp-block-column-is-layout-flow\">\n<blockquote class=\"wp-block-quote is-layout-flow wp-block-quote-is-layout-flow\">\n<p>Herakles wird von uns nur Fury genannt! Nicht nur, weil er so unglaublich sch\u00f6n und schwarz ist, sondern auch, weil er angaloppiert kommt, wenn man ihn ruft. Er ist sehr ehrgeizig und hat immer Spa\u00df an der Arbeit. Im Umgang ist er ein  echter Schatz, nur wenn andere Pferde ihm zu nahe kommen, ruft er seine Bedeutung mit lautem Quietschen und Vorderbeingestampfe in Erinnerung. Schlie\u00dflich ist er der unangefochtene Chef im Haus!<\/p>\n<cite>Paula de Boer<\/cite><\/blockquote>\n<\/div>\n\n\n\n<div class=\"wp-block-column is-layout-flow wp-block-column-is-layout-flow\"><\/div>\n<\/div>\n\n\n\n<hr class=\"wp-block-separator has-alpha-channel-opacity\"\/>\n\n\n\n<h2 class=\"wp-block-heading\">Herakles\u00b4 Agent&nbsp;<\/h2>\n\n\n\n<p>Sie m\u00f6chten Herakles gerne z\u00fcchterisch nutzen? \u2013 Bitte wenden Sie sich&nbsp;<a href=\"https:\/\/www.hengststation-geling.de\/hengste\/e-h-herakles-tsf\/\" target=\"_blank\" rel=\"noreferrer noopener\">HIER<\/a>&nbsp;hin.<\/p>\n\n\n\n<p><\/p>\n","protected":false},"excerpt":{"rendered":"<p>Link zu Herakles&#8216; Seite im Online Hengstverteilungsplan mit detailliertem Pedigree Herakles\u00b4 Karriere Im Stall von Mette Hansen im d\u00e4nischen Boeslunde \u00f6ffnete das Rapphengstfohlen Hedalgo im M\u00e4rz 2009 seine Augen. Die Z\u00fcchterin, deren Herz f\u00fcr den Dressursport schl\u00e4gt, legt damals wie heute ihr Augenmerk vor allem auf die Rittigkeitswerte ihrer Trakehner, von denen sie zudem den <a class=\"more-link\" href=\"https:\/\/rw-hengste.de\/?page_id=91\">Weiterlesen&#8230;<\/a><\/p>\n","protected":false},"author":1,"featured_media":142,"parent":82,"menu_order":0,"comment_status":"closed","ping_status":"closed","template":"","meta":{"footnotes":""},"class_list":["post-91","page","type-page","status-publish","has-post-thumbnail","hentry"],"jetpack_sharing_enabled":true,"_links":{"self":[{"href":"https:\/\/rw-hengste.de\/index.php?rest_route=\/wp\/v2\/pages\/91","targetHints":{"allow":["GET"]}}],"collection":[{"href":"https:\/\/rw-hengste.de\/index.php?rest_route=\/wp\/v2\/pages"}],"about":[{"href":"https:\/\/rw-hengste.de\/index.php?rest_route=\/wp\/v2\/types\/page"}],"author":[{"embeddable":true,"href":"https:\/\/rw-hengste.de\/index.php?rest_route=\/wp\/v2\/users\/1"}],"replies":[{"embeddable":true,"href":"https:\/\/rw-hengste.de\/index.php?rest_route=%2Fwp%2Fv2%2Fcomments&post=91"}],"version-history":[{"count":29,"href":"https:\/\/rw-hengste.de\/index.php?rest_route=\/wp\/v2\/pages\/91\/revisions"}],"predecessor-version":[{"id":367,"href":"https:\/\/rw-hengste.de\/index.php?rest_route=\/wp\/v2\/pages\/91\/revisions\/367"}],"up":[{"embeddable":true,"href":"https:\/\/rw-hengste.de\/index.php?rest_route=\/wp\/v2\/pages\/82"}],"wp:featuredmedia":[{"embeddable":true,"href":"https:\/\/rw-hengste.de\/index.php?rest_route=\/wp\/v2\/media\/142"}],"wp:attachment":[{"href":"https:\/\/rw-hengste.de\/index.php?rest_route=%2Fwp%2Fv2%2Fmedia&parent=91"}],"curies":[{"name":"wp","href":"https:\/\/api.w.org\/{rel}","templated":true}]}}