{"id":93,"date":"2023-10-18T11:06:12","date_gmt":"2023-10-18T11:06:12","guid":{"rendered":"https:\/\/rw-hengste.de\/?page_id=93"},"modified":"2023-10-31T13:43:35","modified_gmt":"2023-10-31T13:43:35","slug":"belun","status":"publish","type":"page","link":"https:\/\/rw-hengste.de\/?page_id=93","title":{"rendered":"Belun"},"content":{"rendered":"\n<p><a rel=\"noreferrer noopener\" href=\"http:\/\/service.vit.de\/pferd_praesentation\/Front?keyPFID=090171620&amp;verband=09&amp;anzeigezweck=Hengstverteilungsplan&amp;sshw=d19e11f71c7c2a1095f8f9bdbbccd830&amp;sprache=&amp;L=0&amp;seite=HvpDetailResponsive&amp;sessionh=5c06a655e057ac6b67580bdc57c4d3d3&amp;aktion=FachobjektAnzeigen&amp;kontext=Pferd\" data-type=\"link\" data-id=\"http:\/\/service.vit.de\/pferd_praesentation\/Front?keyPFID=090171620&amp;verband=09&amp;anzeigezweck=Hengstverteilungsplan&amp;sshw=d19e11f71c7c2a1095f8f9bdbbccd830&amp;sprache=&amp;L=0&amp;seite=HvpDetailResponsive&amp;sessionh=5c06a655e057ac6b67580bdc57c4d3d3&amp;aktion=FachobjektAnzeigen&amp;kontext=Pferd\" target=\"_blank\">Link zu Beluns Seite im Online Hengstverteilungsplan mit detailliertem Pedigree<\/a><\/p>\n\n\n\n<div class=\"wp-block-columns is-layout-flex wp-container-core-columns-is-layout-9d6595d7 wp-block-columns-is-layout-flex\">\n<div class=\"wp-block-column is-layout-flow wp-block-column-is-layout-flow\">\n<p>Anteil xx\/ ox: 60.03% <em>(12 Generationen\/ Quelle: sporthorsedata.com)<\/em><\/p>\n<\/div>\n<\/div>\n\n\n\n<h2 class=\"wp-block-heading\">Beluns Karriere<\/h2>\n\n\n<div class=\"wp-block-image\">\n<figure class=\"alignleft is-resized\"><img data-recalc-dims=\"1\" decoding=\"async\" src=\"https:\/\/i0.wp.com\/image.jimcdn.com\/app\/cms\/image\/transf\/dimension%3D505x10000%3Aformat%3Djpg\/path\/sc53225d6fc916da8\/image\/i7d22e6d29386bd7e\/version\/1674744990\/image.jpg?w=780&#038;ssl=1\" alt=\"Pr\u00e4mienhengst Belun 2022, Foto: Stefan Lafrentz\" style=\"width:360px\"\/><\/figure>\n<\/div>\n\n\n<p>BELUN betrat die z\u00fcchterische B\u00fchne im Dezember 2022 und verlie\u00df sie mit eindrucksvollen Pr\u00e4dikaten:<\/p>\n\n\n\n<ul class=\"wp-block-list\">\n<li>Pr\u00e4mienhengst<\/li>\n\n\n\n<li>Bester Springhengst<\/li>\n\n\n\n<li>Bester Halbbluthengst<\/li>\n<\/ul>\n\n\n\n<p>Belun wurde in den Holstenhallen gefeiert wie ein Held! In selten zuvor erlebter Manier, Technik und Verm\u00f6gen spielte er mit den Stangen der Freispringgasse und \u00fcberzeugte nicht nur die K\u00f6rkommission des Trakehner Verbandes, sondern auch die Vertreter anderer Zuchtgebiete und die Fachpresse. <\/p>\n\n\n\n<p>Man war sich schnell einig: Viel Verm\u00f6gen und eine fantastische Einstellung, die ihn immer abgekl\u00e4rt und konzentriert alle gestellten Aufgaben absolvieren lie\u00df, wurde ihm einhellig attestiert. Dazu ein super Schritt und eine top Galoppade &#8211; Attribute, die seine Sportlichkeit in Kombination mit seinem ausgeglichenen Temperament auf das Deutlichste unterstrichen.  <\/p>\n\n\n\n<hr class=\"wp-block-separator has-alpha-channel-opacity\"\/>\n\n\n\n<h2 class=\"wp-block-heading\" id=\"cc-m-header-8172011154\">Die Abstammung ist der springende Punkt!<\/h2>\n\n\n<div class=\"wp-block-image\">\n<figure class=\"alignleft size-full is-resized\"><img data-recalc-dims=\"1\" loading=\"lazy\" decoding=\"async\" width=\"300\" height=\"200\" src=\"https:\/\/i0.wp.com\/rw-hengste.de\/wp-content\/uploads\/2023\/10\/belun.jpg?resize=300%2C200&#038;ssl=1\" alt=\"\" class=\"wp-image-145\" style=\"aspect-ratio:1.5;width:360px;height:auto\"\/><figcaption class=\"wp-element-caption\">Grund zu jubeln f\u00fcr seinen Vorf\u00fchrer! <br>Belun \u00fcberzeugt auf ganzer Linie<\/figcaption><\/figure>\n<\/div>\n\n\n<p>Es ist selten bei den Trakehnern, aber bei Belun trifft man tats\u00e4chlich auf eine Abstammung, die \u00fcber Generationen auf die Qualit\u00e4ten am Sprung selektiert wurde. <\/p>\n\n\n\n<p>Seine Mutter SF Belle P\u00e8lerine vereint die Springvererber Sarafan, Verdenas, Hamlet Go und Lateran. Linienzucht auf den gro\u00dfartigen Vollbl\u00fcter Prince Rouge, wie auch auf den Hauptvererber Pilger zeichnen ihr Pedigree. Beluns m\u00fctterliche Br\u00fcder Bel Greco und Bel Avion geh\u00f6rten dreij\u00e4hrig als Qualifikanten f\u00fcr den Freispringcup in Neum\u00fcnster jeweils zu den zehn besten Trakehner Spingpferden ihres Jahrgangs.<\/p>\n\n\n\n<p>Vater Nathan de la Tour AA war K\u00f6rungssieger, vierj\u00e4hrig Finalist in Fontainebleau, f\u00fcnf und sechsj\u00e4hrig mehrfach siegreich in Springen bis 1,30 Meter und qualifiziert f\u00fcr das Championat in Fontainebleau. Siebenj\u00e4hrig war er siegreich und platziert in Springpr\u00fcfungen bis 1,40 Meter auf internationalen Turnieren. Leider beendete 2008 ein Unfall seine Sportkarriere viel zu fr\u00fch. Sein Pedigree garantiert von beiden Seiten \u00fcberragende Qualit\u00e4ten am Sprung, eine Vielzahl von in schweren Konkurrenzen erfolgreichen Pferden finden sich in enger Verwandtschaft.<\/p>\n\n\n\n<hr class=\"wp-block-separator has-alpha-channel-opacity\"\/>\n\n\n\n<div class=\"wp-block-media-text is-stacked-on-mobile\" style=\"grid-template-columns:23% auto\"><figure class=\"wp-block-media-text__media\"><img data-recalc-dims=\"1\" loading=\"lazy\" decoding=\"async\" width=\"533\" height=\"800\" src=\"https:\/\/i0.wp.com\/rw-hengste.de\/wp-content\/uploads\/2023\/10\/BelunWebIMG_9694_20221027.jpg?resize=533%2C800&#038;ssl=1\" alt=\"\" class=\"wp-image-206 size-full\" srcset=\"https:\/\/i0.wp.com\/rw-hengste.de\/wp-content\/uploads\/2023\/10\/BelunWebIMG_9694_20221027.jpg?w=533&amp;ssl=1 533w, https:\/\/i0.wp.com\/rw-hengste.de\/wp-content\/uploads\/2023\/10\/BelunWebIMG_9694_20221027.jpg?resize=200%2C300&amp;ssl=1 200w\" sizes=\"auto, (max-width: 533px) 100vw, 533px\" \/><\/figure><div class=\"wp-block-media-text__content\">\n<h2 class=\"wp-block-heading\">Belun aktuell<\/h2>\n\n\n\n<p>Nach einer \u00fcberaus erfolgreichen und fruchtbaren ersten Decksaison wird Belun aktuell auf die Hengstleistungspr\u00fcfung vorbereitet.<\/p>\n\n\n\n<p>Sein Stockma\u00df misst nun 168 cm.<\/p>\n\n\n\n<p><\/p>\n<\/div><\/div>\n\n\n\n<hr class=\"wp-block-separator has-alpha-channel-opacity\"\/>\n\n\n\n<h2 class=\"wp-block-heading\">Was Beluns Menschen \u00fcber ihn sagen:<\/h2>\n\n\n\n<div class=\"wp-block-columns is-layout-flex wp-container-core-columns-is-layout-9d6595d7 wp-block-columns-is-layout-flex\">\n<div class=\"wp-block-column is-layout-flow wp-block-column-is-layout-flow\">\n<blockquote class=\"wp-block-quote is-layout-flow wp-block-quote-is-layout-flow\">\n<p>Alles was der Hengst mit seinen drei Jahren aktuell machen soll, macht er super! Er deckt gut, ist unkompliziert beim Reiten und brav auf dem Weg zur Weide. <\/p>\n\n\n\n<p>Immer gut und immer kooperativ!<\/p>\n<cite>Gerard Geling, Hengststation Geling<\/cite><\/blockquote>\n<\/div>\n\n\n\n<div class=\"wp-block-column is-layout-flow wp-block-column-is-layout-flow\">\n<blockquote class=\"wp-block-quote is-layout-flow wp-block-quote-is-layout-flow\">\n<p>Belun war von Anfang an unser Mister Charming. Der Moment in Neum\u00fcnster, in dem er eindrucksvoll bewies, dass unser Plan &#8222;Springpferd&#8220; gelungen war, ist noch heute unbeschreiblich!<\/p>\n<cite>Simone Sch\u00f6nbeck, Trakehner SF<\/cite><\/blockquote>\n\n\n\n<p><\/p>\n<\/div>\n<\/div>\n\n\n\n<hr class=\"wp-block-separator has-alpha-channel-opacity\"\/>\n\n\n\n<h2 class=\"wp-block-heading\">Beluns Agent \ud83d\ude42<\/h2>\n\n\n\n<p>Sie m\u00f6chten Belun gerne z\u00fcchterisch nutzen? &#8211; Bitte wenden Sie sich <a rel=\"noreferrer noopener\" href=\"https:\/\/www.hengststation-geling.de\/hengste\/belun-neu\/\" target=\"_blank\">HIER<\/a> hin.<\/p>\n","protected":false},"excerpt":{"rendered":"<p>Link zu Beluns Seite im Online Hengstverteilungsplan mit detailliertem Pedigree Anteil xx\/ ox: 60.03% (12 Generationen\/ Quelle: sporthorsedata.com) Beluns Karriere BELUN betrat die z\u00fcchterische B\u00fchne im Dezember 2022 und verlie\u00df sie mit eindrucksvollen Pr\u00e4dikaten: Belun wurde in den Holstenhallen gefeiert wie ein Held! In selten zuvor erlebter Manier, Technik und Verm\u00f6gen spielte er mit den <a class=\"more-link\" href=\"https:\/\/rw-hengste.de\/?page_id=93\">Weiterlesen&#8230;<\/a><\/p>\n","protected":false},"author":1,"featured_media":198,"parent":82,"menu_order":0,"comment_status":"closed","ping_status":"closed","template":"","meta":{"footnotes":""},"class_list":["post-93","page","type-page","status-publish","has-post-thumbnail","hentry"],"jetpack_sharing_enabled":true,"_links":{"self":[{"href":"https:\/\/rw-hengste.de\/index.php?rest_route=\/wp\/v2\/pages\/93","targetHints":{"allow":["GET"]}}],"collection":[{"href":"https:\/\/rw-hengste.de\/index.php?rest_route=\/wp\/v2\/pages"}],"about":[{"href":"https:\/\/rw-hengste.de\/index.php?rest_route=\/wp\/v2\/types\/page"}],"author":[{"embeddable":true,"href":"https:\/\/rw-hengste.de\/index.php?rest_route=\/wp\/v2\/users\/1"}],"replies":[{"embeddable":true,"href":"https:\/\/rw-hengste.de\/index.php?rest_route=%2Fwp%2Fv2%2Fcomments&post=93"}],"version-history":[{"count":24,"href":"https:\/\/rw-hengste.de\/index.php?rest_route=\/wp\/v2\/pages\/93\/revisions"}],"predecessor-version":[{"id":278,"href":"https:\/\/rw-hengste.de\/index.php?rest_route=\/wp\/v2\/pages\/93\/revisions\/278"}],"up":[{"embeddable":true,"href":"https:\/\/rw-hengste.de\/index.php?rest_route=\/wp\/v2\/pages\/82"}],"wp:featuredmedia":[{"embeddable":true,"href":"https:\/\/rw-hengste.de\/index.php?rest_route=\/wp\/v2\/media\/198"}],"wp:attachment":[{"href":"https:\/\/rw-hengste.de\/index.php?rest_route=%2Fwp%2Fv2%2Fmedia&parent=93"}],"curies":[{"name":"wp","href":"https:\/\/api.w.org\/{rel}","templated":true}]}}