{"id":95,"date":"2023-10-18T13:32:17","date_gmt":"2023-10-18T13:32:17","guid":{"rendered":"https:\/\/rw-hengste.de\/?page_id=95"},"modified":"2023-11-03T09:28:31","modified_gmt":"2023-11-03T09:28:31","slug":"special-motion","status":"publish","type":"page","link":"https:\/\/rw-hengste.de\/?page_id=95","title":{"rendered":"Special Motion"},"content":{"rendered":"\n<p><\/p>\n\n\n\n<p>Anteil xx\/ ox: 47.02% (12 Generationen\/ Quelle: sporthorsedata.com)<\/p>\n\n\n\n<h2 class=\"wp-block-heading\">Special Motions Karriere<\/h2>\n\n\n\n<p>Special Motions z\u00fcchterische Karriere begann mit seinem Auftritt anl\u00e4sslich der Trakehner Hauptk\u00f6rung 2018 in Neum\u00fcnster. Er trat als elfter in der Reihenfolge an und die meisten Kataloge des Fachpublikums wurden an dieser Stelle schon am ersten Tag mit einem Kreutz, einem Plus- oder einem Ausrufezeichen versehen \u2013 je nachdem welche Art der Kennzeichnung der jeweilige Autor bevorzugte. Immer gelassen auftretend, stark im Antritt und mit gutem Fundament ausgestattet wusste er bereits auf dem Pflaster zu \u00fcberzeugen.<\/p>\n\n\n\n<p>Tag zwei schloss er als bester der Konkurrenz ab, was ihm schlussendlich den Sonderehrenpreis des besten Springhengstes bescherte und auch an Tag drei lie\u00df er sich die sprichw\u00f6rtliche Butter nicht mehr vom Brot nehmen: Ein \u00fcberzeugender Auftritt \u2013 wieder bestimmt von Kraft, Gleichma\u00df und \u00dcbersicht \u2013 sicherte ihm das begehrte K\u00f6rpr\u00e4dikat. Er  war DAS Paradebeispiel f\u00fcr die oft beschriebene Doppelqualit\u00e4t der Trakehner. Kompakt und geschlossen, immer bei der Sache, immer taktbeherrscht im Gleichgewicht sowie immer aktiv und kraftvoll von hinten fu\u00dfend.<\/p>\n\n\n\n<h2 class=\"wp-block-heading\">Eine abgesicherte Abstammung<\/h2>\n\n\n\n<p>Special Motions Vater High Motion war Reservesieger der Trakehner K\u00f6rung 2014, auff\u00e4llig war sein \u00fcberragender Schritt und seine ungemeine Beweglichkeit. &nbsp;2017 gewann er seinen 50 Tage Test mit einer Endnote von 8,84. Ein historischer Sieg im \u00dcbrigen! 29 Jahre nach Caprimond gewann High Motion als erster Trakehner wieder eine HLP im hannoverschen Adelheidsdorf!!! Mit Laura Strobel ist High Motion aktuell siegreich in Dressuren bis S***\/ Intermediare II.<\/p>\n\n\n\n<p>Muttervater Imperio war in jungen Jahren Bundeschampion der f\u00fcnfj\u00e4hrigen Dressurpferde, siegte bis ****S und z\u00e4hlte selbst zum A-Kader der Deutschen Dressurreiter, wobei es einmalig in der deutschen Geschichte der Dressur es gewesen sein d\u00fcrfte, dass sein Sohn Heuberger den Kader zur gleichen Zeit vertrat.<\/p>\n\n\n\n<p>Neben diesen zwei elit\u00e4ren Vererbern in den ersten Generationen ist Special Motions Pedigree dar\u00fcber hinaus attraktiv \u00fcber die dreifache Hengstmutter Schwalbenspiel von Exclusiv abgesichert!<\/p>\n\n\n\n<p>Die Elitestute Schwalbenspiel (Bewertung: 8, 8, 7, 7, 9 \/ 8, 8)&nbsp;war eine Ausnahmestute, die in 13 Zuchtjahren 12 hochkar\u00e4tige Nachkommen brachte. Dar\u00fcber hinaus beeindruckte sie durch h\u00f6chste Rittigkeit und \u00fcberragende Bewegungsqualti\u00e4t. Sie wurde im Laufe ihres Lebens Mutter von f\u00fcnf Pr\u00e4mienstuten, darunter Sieger- und sp\u00e4tere Elitestuten (Schwalbenfeder und Schwalbenfest), sie lieferte der Trakehner Zucht drei pr\u00e4mierte S\u00f6hne &#8211; darunter den Siegerhengst, Bundeschampion und CCI*** Seriensieger Songline sowie Saint Cyr und Shavalou und sie zeichnet al Mutter von Seal dar\u00fcber hinaus auch verantwortlich f\u00fcr ein bis Grand Prix Special erfolgreiches Dressurpferd.<\/p>\n\n\n\n<h2 class=\"wp-block-heading\">Special Motion aktuell<\/h2>\n\n\n\n<p>Wir haben Special Motion ganz unserer Philosophie folgend Zeit gegeben zu Reifen und haben in eine vielseitige Ausbildung investiert. Mit Erfolg! Er verzeichnet Siege und Platzierungen in Dressur-, Spring und Gel\u00e4ndepferdepr\u00fcfungen bis Klasse L. Die Kombinierte Pr\u00fcfung der Klasse L auf dem Trakehner Bundestunier konnte er mit gro\u00dfem Abstand vor seinen Mitkonkurrenten f\u00fcr sich entscheiden. Seine vielseitigen Talente sollen auch 2024 weiterhin zum Einsatz kommen und so wird er aktuell entsprechend Richtung Klasse M gef\u00f6rdert.<\/p>\n\n\n\n<h2 class=\"wp-block-heading\">Was Special Motions Menschen \u00fcber ihn sagen:<\/h2>\n\n\n\n<div class=\"wp-block-columns is-layout-flex wp-container-core-columns-is-layout-9d6595d7 wp-block-columns-is-layout-flex\">\n<div class=\"wp-block-column is-layout-flow wp-block-column-is-layout-flow\">\n<blockquote class=\"wp-block-quote is-layout-flow wp-block-quote-is-layout-flow\">\n<p>Motion ist ein super konzentrierte Mitarbeiter in der Dressur und im Springen. Immer voll bei der Sache! Das Gel\u00e4nde ist seine Leidenschaft, weckt seinen maximalen Ehrgeiz. Egal, welche welche Aufgabe wir ihm stellen, nichts kann ihn ablenken und er bew\u00e4ltigt alles mit Bravour! &#8211; Ein echtes Spa\u00dfmobil!<\/p>\n<cite>Paula de Boer<\/cite><\/blockquote>\n<\/div>\n\n\n\n<div class=\"wp-block-column is-layout-flow wp-block-column-is-layout-flow\"><\/div>\n<\/div>\n\n\n\n<hr class=\"wp-block-separator has-alpha-channel-opacity\"\/>\n\n\n\n<h2 class=\"wp-block-heading\">Special Motions Agent&nbsp;<\/h2>\n\n\n\n<p>Sie m\u00f6chten Special Motion gerne z\u00fcchterisch nutzen? \u2013 Bitte wenden Sie sich&nbsp;<a rel=\"noreferrer noopener\" href=\"https:\/\/www.hengststation-geling.de\/hengste\/special-motion\/\" target=\"_blank\">HIER<\/a>&nbsp;hin.<\/p>\n","protected":false},"excerpt":{"rendered":"<p>Anteil xx\/ ox: 47.02% (12 Generationen\/ Quelle: sporthorsedata.com) Special Motions Karriere Special Motions z\u00fcchterische Karriere begann mit seinem Auftritt anl\u00e4sslich der Trakehner Hauptk\u00f6rung 2018 in Neum\u00fcnster. Er trat als elfter in der Reihenfolge an und die meisten Kataloge des Fachpublikums wurden an dieser Stelle schon am ersten Tag mit einem Kreutz, einem Plus- oder einem <a class=\"more-link\" href=\"https:\/\/rw-hengste.de\/?page_id=95\">Weiterlesen&#8230;<\/a><\/p>\n","protected":false},"author":1,"featured_media":202,"parent":82,"menu_order":0,"comment_status":"closed","ping_status":"closed","template":"","meta":{"footnotes":""},"class_list":["post-95","page","type-page","status-publish","has-post-thumbnail","hentry"],"jetpack_sharing_enabled":true,"_links":{"self":[{"href":"https:\/\/rw-hengste.de\/index.php?rest_route=\/wp\/v2\/pages\/95","targetHints":{"allow":["GET"]}}],"collection":[{"href":"https:\/\/rw-hengste.de\/index.php?rest_route=\/wp\/v2\/pages"}],"about":[{"href":"https:\/\/rw-hengste.de\/index.php?rest_route=\/wp\/v2\/types\/page"}],"author":[{"embeddable":true,"href":"https:\/\/rw-hengste.de\/index.php?rest_route=\/wp\/v2\/users\/1"}],"replies":[{"embeddable":true,"href":"https:\/\/rw-hengste.de\/index.php?rest_route=%2Fwp%2Fv2%2Fcomments&post=95"}],"version-history":[{"count":16,"href":"https:\/\/rw-hengste.de\/index.php?rest_route=\/wp\/v2\/pages\/95\/revisions"}],"predecessor-version":[{"id":370,"href":"https:\/\/rw-hengste.de\/index.php?rest_route=\/wp\/v2\/pages\/95\/revisions\/370"}],"up":[{"embeddable":true,"href":"https:\/\/rw-hengste.de\/index.php?rest_route=\/wp\/v2\/pages\/82"}],"wp:featuredmedia":[{"embeddable":true,"href":"https:\/\/rw-hengste.de\/index.php?rest_route=\/wp\/v2\/media\/202"}],"wp:attachment":[{"href":"https:\/\/rw-hengste.de\/index.php?rest_route=%2Fwp%2Fv2%2Fmedia&parent=95"}],"curies":[{"name":"wp","href":"https:\/\/api.w.org\/{rel}","templated":true}]}}